{"id":17,"date":"2022-07-29T21:53:41","date_gmt":"2022-07-29T18:53:41","guid":{"rendered":"http:\/\/coffee.davovakd.beget.tech\/?page_id=17"},"modified":"2025-06-12T16:39:04","modified_gmt":"2025-06-12T13:39:04","slug":"despre-noi","status":"publish","type":"page","link":"https:\/\/likecoffee.ro\/sector-5\/despre-noi\/","title":{"rendered":"Despre noi"},"content":{"rendered":"<article class=\"text-token-text-primary w-full\" dir=\"auto\" data-testid=\"conversation-turn-64\" data-scroll-anchor=\"true\">\n<p class=\"sr-only\">Suntem o companie cu <strong>peste 11 ani experien\u021b\u0103 \u00een reparatii expresoare cafea<\/strong> \u00een Bucure\u0219ti, oferind servicii complete de diagnosticare, repara\u021bie \u0219i \u00eentre\u021binere pentru toate modelele, cu garan\u021bie \u0219i pre\u021buri competitive.<\/p>\n<div class=\"text-base my-auto mx-auto py-5 [--thread-content-margin:--spacing(4)] @[37rem]:[--thread-content-margin:--spacing(6)] @[72rem]:[--thread-content-margin:--spacing(16)] px-(--thread-content-margin)\">\n<div class=\"[--thread-content-max-width:32rem] @[34rem]:[--thread-content-max-width:40rem] @[64rem]:[--thread-content-max-width:48rem] mx-auto flex max-w-(--thread-content-max-width) flex-1 text-base gap-4 md:gap-5 lg:gap-6 group\/turn-messages focus-visible:outline-hidden\" tabindex=\"-1\">\n<div class=\"group\/conversation-turn relative flex w-full min-w-0 flex-col agent-turn\">\n<div class=\"relative flex-col gap-1 md:gap-3\">\n<div class=\"flex max-w-full flex-col grow\">\n<div class=\"min-h-8 text-message relative flex w-full flex-col items-end gap-2 text-start break-words whitespace-normal [.text-message+&amp;]:mt-5\" dir=\"auto\" data-message-author-role=\"assistant\" data-message-id=\"52b5f59a-f79f-4147-bc17-fd57c9fe16d8\" data-message-model-slug=\"gpt-4-1-mini\">\n<div class=\"flex w-full flex-col gap-1 empty:hidden first:pt-[3px]\">\n<div class=\"markdown prose dark:prose-invert w-full break-words light\">\n<p data-start=\"220\" data-end=\"415\">Echipa noastr\u0103 include <strong>tehnicieni specializa\u021bi<\/strong> cu peste 5 ani experien\u021b\u0103, capabili s\u0103 remedieze rapid cele mai frecvente probleme ale aparatelor de cafea, garant\u00e2nd performan\u021b\u0103 \u0219i durabilitate.<\/p>\n<p data-start=\"417\" data-end=\"573\">Folosim tehnologii avansate \u0219i procese automatizate pentru interven\u021bii rapide \u0219i profesionale, abord\u00e2nd chiar \u0219i cele mai complexe repara\u021bii cu eficien\u021b\u0103.<\/p>\n<p data-start=\"575\" data-end=\"750\">Ne dedic\u0103m s\u0103 oferim clien\u021bilor din Bucure\u0219ti satisfac\u021bie prin servicii de calitate, pentru ca aparatul dvs. s\u0103 func\u021bioneze impecabil \u0219i s\u0103 v\u0103 ofere cafeaua perfect\u0103 zilnic.<\/p>\n<p data-start=\"575\" data-end=\"750\"><strong>Deservim toate zonele din sector 5<\/strong>, acoperind cele mai populate \u0219i solicitate loca\u021bii, oferim servicii complete \u0219i livrare rapid\u0103: Bulevardul Ghencea, Bulevardul Timi\u0219oara, Bulevardul Metalurgiei, Strada Rahova, Strada Progresului, Strada Drumul S\u0103rii, Pia\u021ba Rahova, Pia\u021ba Progresul, Pia\u021ba Valea Ialomi\u021bei, Cartierul 13 Septembrie, Cartierul Ferentari, Cartierul Drumul Taberei, Cartierul Sebastian, Zona Afi Cotroceni, Zona Politehnica.<\/p>\n<p data-start=\"575\" data-end=\"750\"><strong>Oferim servicii complete \u0219i livrare rapid\u0103 direct la domiciliul dumneavoastr\u0103, pentru ca reparatia aparatului de cafea s\u0103 fie c\u00e2t mai comod\u0103 \u0219i accesibil\u0103 indiferent de unde v\u0103 afla\u021bi \u00een sector 5.<\/strong><\/p>\n<\/div>\n<\/div>\n<\/div>\n<\/div>\n<\/div>\n<\/div>\n<\/div>\n<\/div>\n<\/article>\n","protected":false},"excerpt":{"rendered":"<p>Suntem o companie cu peste 11 ani experien\u021b\u0103 \u00een reparatii expresoare cafea \u00een Bucure\u0219ti, oferind servicii complete de diagnosticare, repara\u021bie \u0219i \u00eentre\u021binere pentru toate modelele, cu garan\u021bie \u0219i pre\u021buri competitive. Echipa noastr\u0103 include tehnicieni specializa\u021bi cu peste 5 ani experien\u021b\u0103, capabili s\u0103 remedieze rapid cele mai frecvente probleme ale aparatelor de cafea, garant\u00e2nd performan\u021b\u0103 \u0219i [&hellip;]<\/p>\n","protected":false},"author":1,"featured_media":839,"parent":0,"menu_order":0,"comment_status":"closed","ping_status":"closed","template":"tmpl-about.php","meta":{"footnotes":""},"class_list":["post-17","page","type-page","status-publish","has-post-thumbnail","hentry"],"acf":[],"yoast_head":"<!-- This site is optimized with the Yoast SEO Premium plugin v18.7 (Yoast SEO v20.7) - https:\/\/yoast.com\/wordpress\/plugins\/seo\/ -->\n<title>Despre noi - Like Coffee Bucure\u0219ti sector 5<\/title>\n<meta name=\"description\" content=\"Totul despre\u3010\u25b7 service centrul\u25c1\u3011 reparatii expresoare cafea Bucure\u0219ti \u2714 Afl\u0103 mai mult\u0103 informa\u021bie despre noi ce reparam \u0219i cum repar\u0103m\" \/>\n<meta name=\"robots\" content=\"index, follow, max-snippet:-1, max-image-preview:large, max-video-preview:-1\" \/>\n<link rel=\"canonical\" href=\"https:\/\/likecoffee.ro\/sector-5\/despre-noi\/\" \/>\n<meta property=\"og:locale\" content=\"en_US\" \/>\n<meta property=\"og:type\" content=\"article\" \/>\n<meta property=\"og:title\" content=\"Despre noi\" \/>\n<meta property=\"og:description\" content=\"Totul despre\u3010\u25b7 service centrul\u25c1\u3011 reparatii expresoare cafea Bucure\u0219ti \u2714 Afl\u0103 mai mult\u0103 informa\u021bie despre noi ce reparam \u0219i cum repar\u0103m\" \/>\n<meta property=\"og:url\" content=\"https:\/\/likecoffee.ro\/sector-5\/despre-noi\/\" \/>\n<meta property=\"og:site_name\" content=\"Like Coffee\" \/>\n<meta property=\"og:image\" content=\"https:\/\/likecoffee.ro\/sector-5\/wp-content\/uploads\/webp\/db_webp_64d62ccf857fddb_webp_639782bee0151dsc07972.webp\" \/>\n\t<meta property=\"og:image:width\" content=\"1333\" \/>\n\t<meta property=\"og:image:height\" content=\"2000\" \/>\n\t<meta property=\"og:image:type\" content=\"image\/webp\" \/>\n<meta name=\"twitter:card\" content=\"summary_large_image\" \/>\n<meta name=\"twitter:label1\" content=\"Est. reading time\" \/>\n\t<meta name=\"twitter:data1\" content=\"1 minute\" \/>\n<script type=\"application\/ld+json\" class=\"yoast-schema-graph\">{\"@context\":\"https:\/\/schema.org\",\"@graph\":[{\"@type\":\"WebPage\",\"@id\":\"https:\/\/likecoffee.ro\/sector-5\/despre-noi\/\",\"url\":\"https:\/\/likecoffee.ro\/sector-5\/despre-noi\/\",\"name\":\"Despre noi - Like Coffee Bucure\u0219ti sector 5\",\"isPartOf\":{\"@id\":\"https:\/\/likecoffee.ro\/sector-5\/#website\"},\"datePublished\":\"2022-07-29T18:53:41+00:00\",\"dateModified\":\"2025-06-12T13:39:04+00:00\",\"description\":\"Totul despre\u3010\u25b7 service centrul\u25c1\u3011 reparatii expresoare cafea Bucure\u0219ti \u2714 Afl\u0103 mai mult\u0103 informa\u021bie despre noi ce reparam \u0219i cum repar\u0103m\",\"breadcrumb\":{\"@id\":\"https:\/\/likecoffee.ro\/sector-5\/despre-noi\/#breadcrumb\"},\"inLanguage\":\"en-US\",\"potentialAction\":[{\"@type\":\"ReadAction\",\"target\":[\"https:\/\/likecoffee.ro\/sector-5\/despre-noi\/\"]}]},{\"@type\":\"BreadcrumbList\",\"@id\":\"https:\/\/likecoffee.ro\/sector-5\/despre-noi\/#breadcrumb\",\"itemListElement\":[{\"@type\":\"ListItem\",\"position\":1,\"name\":\"\u0413\u043b\u0430\u0432\u043d\u0430\u044f \u0441\u0442\u0440\u0430\u043d\u0438\u0446\u0430\",\"item\":\"https:\/\/likecoffee.ro\/sector-5\/\"},{\"@type\":\"ListItem\",\"position\":2,\"name\":\"Despre noi\"}]},{\"@type\":\"WebSite\",\"@id\":\"https:\/\/likecoffee.ro\/sector-5\/#website\",\"url\":\"https:\/\/likecoffee.ro\/sector-5\/\",\"name\":\"Like Coffee\",\"description\":\"Repararea si intretinerea masinilor de cafea\",\"publisher\":{\"@id\":\"https:\/\/likecoffee.ro\/sector-5\/#organization\"},\"potentialAction\":[{\"@type\":\"SearchAction\",\"target\":{\"@type\":\"EntryPoint\",\"urlTemplate\":\"https:\/\/likecoffee.ro\/sector-5\/?s={search_term_string}\"},\"query-input\":\"required name=search_term_string\"}],\"inLanguage\":\"en-US\"},{\"@type\":\"Organization\",\"@id\":\"https:\/\/likecoffee.ro\/sector-5\/#organization\",\"name\":\"Like Coffee\",\"url\":\"https:\/\/likecoffee.ro\/sector-5\/\",\"logo\":{\"@type\":\"ImageObject\",\"inLanguage\":\"en-US\",\"@id\":\"https:\/\/likecoffee.ro\/sector-5\/#\/schema\/logo\/image\/\",\"url\":\"https:\/\/likecoffee.ro\/sector-5\/wp-content\/uploads\/webp\/cropped-db_webp_64d61e7c00b66logo-3.webp\",\"contentUrl\":\"https:\/\/likecoffee.ro\/sector-5\/wp-content\/uploads\/webp\/cropped-db_webp_64d61e7c00b66logo-3.webp\",\"width\":90,\"height\":60,\"caption\":\"Like Coffee\"},\"image\":{\"@id\":\"https:\/\/likecoffee.ro\/sector-5\/#\/schema\/logo\/image\/\"}}]}<\/script>\n<!-- \/ Yoast SEO Premium plugin. -->","yoast_head_json":{"title":"Despre noi - Like Coffee Bucure\u0219ti sector 5","description":"Totul despre\u3010\u25b7 service centrul\u25c1\u3011 reparatii expresoare cafea Bucure\u0219ti \u2714 Afl\u0103 mai mult\u0103 informa\u021bie despre noi ce reparam \u0219i cum repar\u0103m","robots":{"index":"index","follow":"follow","max-snippet":"max-snippet:-1","max-image-preview":"max-image-preview:large","max-video-preview":"max-video-preview:-1"},"canonical":"https:\/\/likecoffee.ro\/sector-5\/despre-noi\/","og_locale":"en_US","og_type":"article","og_title":"Despre noi","og_description":"Totul despre\u3010\u25b7 service centrul\u25c1\u3011 reparatii expresoare cafea Bucure\u0219ti \u2714 Afl\u0103 mai mult\u0103 informa\u021bie despre noi ce reparam \u0219i cum repar\u0103m","og_url":"https:\/\/likecoffee.ro\/sector-5\/despre-noi\/","og_site_name":"Like Coffee","og_image":[{"width":1333,"height":2000,"url":"https:\/\/likecoffee.ro\/sector-5\/wp-content\/uploads\/webp\/db_webp_64d62ccf857fddb_webp_639782bee0151dsc07972.webp","type":"image\/webp"}],"twitter_card":"summary_large_image","twitter_misc":{"Est. reading time":"1 minute"},"schema":{"@context":"https:\/\/schema.org","@graph":[{"@type":"WebPage","@id":"https:\/\/likecoffee.ro\/sector-5\/despre-noi\/","url":"https:\/\/likecoffee.ro\/sector-5\/despre-noi\/","name":"Despre noi - Like Coffee Bucure\u0219ti sector 5","isPartOf":{"@id":"https:\/\/likecoffee.ro\/sector-5\/#website"},"datePublished":"2022-07-29T18:53:41+00:00","dateModified":"2025-06-12T13:39:04+00:00","description":"Totul despre\u3010\u25b7 service centrul\u25c1\u3011 reparatii expresoare cafea Bucure\u0219ti \u2714 Afl\u0103 mai mult\u0103 informa\u021bie despre noi ce reparam \u0219i cum repar\u0103m","breadcrumb":{"@id":"https:\/\/likecoffee.ro\/sector-5\/despre-noi\/#breadcrumb"},"inLanguage":"en-US","potentialAction":[{"@type":"ReadAction","target":["https:\/\/likecoffee.ro\/sector-5\/despre-noi\/"]}]},{"@type":"BreadcrumbList","@id":"https:\/\/likecoffee.ro\/sector-5\/despre-noi\/#breadcrumb","itemListElement":[{"@type":"ListItem","position":1,"name":"\u0413\u043b\u0430\u0432\u043d\u0430\u044f \u0441\u0442\u0440\u0430\u043d\u0438\u0446\u0430","item":"https:\/\/likecoffee.ro\/sector-5\/"},{"@type":"ListItem","position":2,"name":"Despre noi"}]},{"@type":"WebSite","@id":"https:\/\/likecoffee.ro\/sector-5\/#website","url":"https:\/\/likecoffee.ro\/sector-5\/","name":"Like Coffee","description":"Repararea si intretinerea masinilor de cafea","publisher":{"@id":"https:\/\/likecoffee.ro\/sector-5\/#organization"},"potentialAction":[{"@type":"SearchAction","target":{"@type":"EntryPoint","urlTemplate":"https:\/\/likecoffee.ro\/sector-5\/?s={search_term_string}"},"query-input":"required name=search_term_string"}],"inLanguage":"en-US"},{"@type":"Organization","@id":"https:\/\/likecoffee.ro\/sector-5\/#organization","name":"Like Coffee","url":"https:\/\/likecoffee.ro\/sector-5\/","logo":{"@type":"ImageObject","inLanguage":"en-US","@id":"https:\/\/likecoffee.ro\/sector-5\/#\/schema\/logo\/image\/","url":"https:\/\/likecoffee.ro\/sector-5\/wp-content\/uploads\/webp\/cropped-db_webp_64d61e7c00b66logo-3.webp","contentUrl":"https:\/\/likecoffee.ro\/sector-5\/wp-content\/uploads\/webp\/cropped-db_webp_64d61e7c00b66logo-3.webp","width":90,"height":60,"caption":"Like Coffee"},"image":{"@id":"https:\/\/likecoffee.ro\/sector-5\/#\/schema\/logo\/image\/"}}]}},"lang":"ro","translations":{"ro":17},"pll_sync_post":[],"_links":{"self":[{"href":"https:\/\/likecoffee.ro\/sector-5\/wp-json\/wp\/v2\/pages\/17","targetHints":{"allow":["GET"]}}],"collection":[{"href":"https:\/\/likecoffee.ro\/sector-5\/wp-json\/wp\/v2\/pages"}],"about":[{"href":"https:\/\/likecoffee.ro\/sector-5\/wp-json\/wp\/v2\/types\/page"}],"author":[{"embeddable":true,"href":"https:\/\/likecoffee.ro\/sector-5\/wp-json\/wp\/v2\/users\/1"}],"replies":[{"embeddable":true,"href":"https:\/\/likecoffee.ro\/sector-5\/wp-json\/wp\/v2\/comments?post=17"}],"version-history":[{"count":22,"href":"https:\/\/likecoffee.ro\/sector-5\/wp-json\/wp\/v2\/pages\/17\/revisions"}],"predecessor-version":[{"id":1085,"href":"https:\/\/likecoffee.ro\/sector-5\/wp-json\/wp\/v2\/pages\/17\/revisions\/1085"}],"wp:featuredmedia":[{"embeddable":true,"href":"https:\/\/likecoffee.ro\/sector-5\/wp-json\/wp\/v2\/media\/839"}],"wp:attachment":[{"href":"https:\/\/likecoffee.ro\/sector-5\/wp-json\/wp\/v2\/media?parent=17"}],"curies":[{"name":"wp","href":"https:\/\/api.w.org\/{rel}","templated":true}]}}