{"id":17,"date":"2022-07-29T21:53:41","date_gmt":"2022-07-29T18:53:41","guid":{"rendered":"http:\/\/coffee.davovakd.beget.tech\/?page_id=17"},"modified":"2025-06-12T13:00:41","modified_gmt":"2025-06-12T10:00:41","slug":"despre-noi","status":"publish","type":"page","link":"https:\/\/likecoffee.ro\/sector-4\/despre-noi\/","title":{"rendered":"Despre noi"},"content":{"rendered":"<p data-start=\"0\" data-end=\"204\">Suntem o echip\u0103 cu <strong>peste 11 ani experien\u021b\u0103 \u00een reparatii expresoare cafea<\/strong> \u00een Bucure\u0219ti. Oferim diagnosticare, reparatie aparat de cafea \u0219i \u00eentre\u021binere pentru toate modelele, cu garan\u021bie \u0219i pre\u021buri corecte.<\/p>\n<p data-start=\"206\" data-end=\"416\">Tehnicienii no\u0219tri, cu peste 5 ani experien\u021b\u0103, rezolv\u0103 rapid cele mai frecvente defecte, readuc\u00e2nd espressoarele la performan\u021b\u0103 optim\u0103. Am reparat mii de aparate, folosind tehnologie avansat\u0103 \u0219i profesionalism.<\/p>\n<p data-start=\"418\" data-end=\"666\"><strong>Ne ocup\u0103m de repara\u021bii complexe \u0219i oferim solu\u021bii rapide \u0219i durabile<\/strong>. \u0218tim c\u00e2t de important e ca aparatul dvs. s\u0103 func\u021bioneze perfect zilnic, de aceea serviciul nostru de service aparat cafea este orientat spre satisfac\u021bia clien\u021bilor din Bucure\u0219ti.<\/p>\n<p data-start=\"418\" data-end=\"666\">Oferim livr\u0103ri rapide \u0219i servicii profesionale de repara\u021bie \u0219i \u00eentre\u021binere a aparatelor de cafea \u00een tot Bucure\u0219tiul, cu accent special pe Sector 4, ne asigur\u0103m c\u0103 interven\u021biile noastre ajung prompt la clien\u021bi oriunde s-ar afla \u00een ora\u0219, iar pentru locuitorii din Sector 4 oferim servicii dedicate, adaptate nevoilor \u0219i specificului zonei.<\/p>\n<p data-start=\"0\" data-end=\"186\"><strong>Prest\u0103m servicii \u0219i oferim livr\u0103ri indiferent unde te-ai afla \u00een Sector 4, deservim toate zonele pentru a ne asigura c\u0103 aparatul t\u0103u de cafea prime\u0219te aten\u021bia necesar\u0103 rapid \u0219i eficient:<\/strong> Bulevardul Berceni, \u0218oseaua Giurgiului, Calea V\u0103c\u0103re\u0219ti, Strada Olteni\u021bei, Strada Metalurgiei, Aleea Compozitorilor, \u0218oseaua Olteni\u021bei, Strada Tineretului, Strada Livezilor, Strada Topora\u0219i, Strada Fabrica de Glucoz\u0103, Strada Vi\u0219inilor, Bulevardul Dimitrie Cantemir, Strada \u0218erban Vod\u0103, Strada Gheorghe \u0218incai, Strada R\u00e2mnicu S\u0103rat, Strada Vasile Milea.<\/p>\n","protected":false},"excerpt":{"rendered":"<p>Suntem o echip\u0103 cu peste 11 ani experien\u021b\u0103 \u00een reparatii expresoare cafea \u00een Bucure\u0219ti. Oferim diagnosticare, reparatie aparat de cafea \u0219i \u00eentre\u021binere pentru toate modelele, cu garan\u021bie \u0219i pre\u021buri corecte. Tehnicienii no\u0219tri, cu peste 5 ani experien\u021b\u0103, rezolv\u0103 rapid cele mai frecvente defecte, readuc\u00e2nd espressoarele la performan\u021b\u0103 optim\u0103. Am reparat mii de aparate, folosind tehnologie [&hellip;]<\/p>\n","protected":false},"author":1,"featured_media":839,"parent":0,"menu_order":0,"comment_status":"closed","ping_status":"closed","template":"tmpl-about.php","meta":{"footnotes":""},"class_list":["post-17","page","type-page","status-publish","has-post-thumbnail","hentry"],"acf":[],"yoast_head":"<!-- This site is optimized with the Yoast SEO Premium plugin v18.7 (Yoast SEO v20.7) - https:\/\/yoast.com\/wordpress\/plugins\/seo\/ -->\n<title>Despre noi service aparat cafea - Like Coffee Bucure\u0219ti sector 4<\/title>\n<meta name=\"description\" content=\"Totul despre\u3010\u25b7 service centrul\u25c1\u3011 reparatie expresor cafea Bucure\u0219ti \u2714 Afl\u0103 mai mult\u0103 informa\u021bie despre noi ce reparam \u0219i cum repar\u0103m\" \/>\n<meta name=\"robots\" content=\"index, follow, max-snippet:-1, max-image-preview:large, max-video-preview:-1\" \/>\n<link rel=\"canonical\" href=\"https:\/\/likecoffee.ro\/sector-4\/despre-noi\/\" \/>\n<meta property=\"og:locale\" content=\"en_US\" \/>\n<meta property=\"og:type\" content=\"article\" \/>\n<meta property=\"og:title\" content=\"Despre noi\" \/>\n<meta property=\"og:description\" content=\"Totul despre\u3010\u25b7 service centrul\u25c1\u3011 reparatie expresor cafea Bucure\u0219ti \u2714 Afl\u0103 mai mult\u0103 informa\u021bie despre noi ce reparam \u0219i cum repar\u0103m\" \/>\n<meta property=\"og:url\" content=\"https:\/\/likecoffee.ro\/sector-4\/despre-noi\/\" \/>\n<meta property=\"og:site_name\" content=\"Like Coffee\" \/>\n<meta property=\"og:image\" content=\"https:\/\/likecoffee.ro\/sector-4\/wp-content\/uploads\/webp\/db_webp_64d62ccf857fddb_webp_639782bee0151dsc07972.webp\" \/>\n\t<meta property=\"og:image:width\" content=\"1333\" \/>\n\t<meta property=\"og:image:height\" content=\"2000\" \/>\n\t<meta property=\"og:image:type\" content=\"image\/webp\" \/>\n<meta name=\"twitter:card\" content=\"summary_large_image\" \/>\n<meta name=\"twitter:label1\" content=\"Est. reading time\" \/>\n\t<meta name=\"twitter:data1\" content=\"1 minute\" \/>\n<script type=\"application\/ld+json\" class=\"yoast-schema-graph\">{\"@context\":\"https:\/\/schema.org\",\"@graph\":[{\"@type\":\"WebPage\",\"@id\":\"https:\/\/likecoffee.ro\/sector-4\/despre-noi\/\",\"url\":\"https:\/\/likecoffee.ro\/sector-4\/despre-noi\/\",\"name\":\"Despre noi service aparat cafea - Like Coffee Bucure\u0219ti sector 4\",\"isPartOf\":{\"@id\":\"https:\/\/likecoffee.ro\/sector-4\/#website\"},\"datePublished\":\"2022-07-29T18:53:41+00:00\",\"dateModified\":\"2025-06-12T10:00:41+00:00\",\"description\":\"Totul despre\u3010\u25b7 service centrul\u25c1\u3011 reparatie expresor cafea Bucure\u0219ti \u2714 Afl\u0103 mai mult\u0103 informa\u021bie despre noi ce reparam \u0219i cum repar\u0103m\",\"breadcrumb\":{\"@id\":\"https:\/\/likecoffee.ro\/sector-4\/despre-noi\/#breadcrumb\"},\"inLanguage\":\"en-US\",\"potentialAction\":[{\"@type\":\"ReadAction\",\"target\":[\"https:\/\/likecoffee.ro\/sector-4\/despre-noi\/\"]}]},{\"@type\":\"BreadcrumbList\",\"@id\":\"https:\/\/likecoffee.ro\/sector-4\/despre-noi\/#breadcrumb\",\"itemListElement\":[{\"@type\":\"ListItem\",\"position\":1,\"name\":\"\u0413\u043b\u0430\u0432\u043d\u0430\u044f \u0441\u0442\u0440\u0430\u043d\u0438\u0446\u0430\",\"item\":\"https:\/\/likecoffee.ro\/sector-4\/\"},{\"@type\":\"ListItem\",\"position\":2,\"name\":\"Despre noi\"}]},{\"@type\":\"WebSite\",\"@id\":\"https:\/\/likecoffee.ro\/sector-4\/#website\",\"url\":\"https:\/\/likecoffee.ro\/sector-4\/\",\"name\":\"Like Coffee\",\"description\":\"Repararea si intretinerea masinilor de cafea\",\"publisher\":{\"@id\":\"https:\/\/likecoffee.ro\/sector-4\/#organization\"},\"potentialAction\":[{\"@type\":\"SearchAction\",\"target\":{\"@type\":\"EntryPoint\",\"urlTemplate\":\"https:\/\/likecoffee.ro\/sector-4\/?s={search_term_string}\"},\"query-input\":\"required name=search_term_string\"}],\"inLanguage\":\"en-US\"},{\"@type\":\"Organization\",\"@id\":\"https:\/\/likecoffee.ro\/sector-4\/#organization\",\"name\":\"Like Coffee\",\"url\":\"https:\/\/likecoffee.ro\/sector-4\/\",\"logo\":{\"@type\":\"ImageObject\",\"inLanguage\":\"en-US\",\"@id\":\"https:\/\/likecoffee.ro\/sector-4\/#\/schema\/logo\/image\/\",\"url\":\"https:\/\/likecoffee.ro\/sector-4\/wp-content\/uploads\/webp\/cropped-db_webp_64d61e7c00b66logo-3.webp\",\"contentUrl\":\"https:\/\/likecoffee.ro\/sector-4\/wp-content\/uploads\/webp\/cropped-db_webp_64d61e7c00b66logo-3.webp\",\"width\":90,\"height\":60,\"caption\":\"Like Coffee\"},\"image\":{\"@id\":\"https:\/\/likecoffee.ro\/sector-4\/#\/schema\/logo\/image\/\"}}]}<\/script>\n<!-- \/ Yoast SEO Premium plugin. -->","yoast_head_json":{"title":"Despre noi service aparat cafea - Like Coffee Bucure\u0219ti sector 4","description":"Totul despre\u3010\u25b7 service centrul\u25c1\u3011 reparatie expresor cafea Bucure\u0219ti \u2714 Afl\u0103 mai mult\u0103 informa\u021bie despre noi ce reparam \u0219i cum repar\u0103m","robots":{"index":"index","follow":"follow","max-snippet":"max-snippet:-1","max-image-preview":"max-image-preview:large","max-video-preview":"max-video-preview:-1"},"canonical":"https:\/\/likecoffee.ro\/sector-4\/despre-noi\/","og_locale":"en_US","og_type":"article","og_title":"Despre noi","og_description":"Totul despre\u3010\u25b7 service centrul\u25c1\u3011 reparatie expresor cafea Bucure\u0219ti \u2714 Afl\u0103 mai mult\u0103 informa\u021bie despre noi ce reparam \u0219i cum repar\u0103m","og_url":"https:\/\/likecoffee.ro\/sector-4\/despre-noi\/","og_site_name":"Like Coffee","og_image":[{"width":1333,"height":2000,"url":"https:\/\/likecoffee.ro\/sector-4\/wp-content\/uploads\/webp\/db_webp_64d62ccf857fddb_webp_639782bee0151dsc07972.webp","type":"image\/webp"}],"twitter_card":"summary_large_image","twitter_misc":{"Est. reading time":"1 minute"},"schema":{"@context":"https:\/\/schema.org","@graph":[{"@type":"WebPage","@id":"https:\/\/likecoffee.ro\/sector-4\/despre-noi\/","url":"https:\/\/likecoffee.ro\/sector-4\/despre-noi\/","name":"Despre noi service aparat cafea - Like Coffee Bucure\u0219ti sector 4","isPartOf":{"@id":"https:\/\/likecoffee.ro\/sector-4\/#website"},"datePublished":"2022-07-29T18:53:41+00:00","dateModified":"2025-06-12T10:00:41+00:00","description":"Totul despre\u3010\u25b7 service centrul\u25c1\u3011 reparatie expresor cafea Bucure\u0219ti \u2714 Afl\u0103 mai mult\u0103 informa\u021bie despre noi ce reparam \u0219i cum repar\u0103m","breadcrumb":{"@id":"https:\/\/likecoffee.ro\/sector-4\/despre-noi\/#breadcrumb"},"inLanguage":"en-US","potentialAction":[{"@type":"ReadAction","target":["https:\/\/likecoffee.ro\/sector-4\/despre-noi\/"]}]},{"@type":"BreadcrumbList","@id":"https:\/\/likecoffee.ro\/sector-4\/despre-noi\/#breadcrumb","itemListElement":[{"@type":"ListItem","position":1,"name":"\u0413\u043b\u0430\u0432\u043d\u0430\u044f \u0441\u0442\u0440\u0430\u043d\u0438\u0446\u0430","item":"https:\/\/likecoffee.ro\/sector-4\/"},{"@type":"ListItem","position":2,"name":"Despre noi"}]},{"@type":"WebSite","@id":"https:\/\/likecoffee.ro\/sector-4\/#website","url":"https:\/\/likecoffee.ro\/sector-4\/","name":"Like Coffee","description":"Repararea si intretinerea masinilor de cafea","publisher":{"@id":"https:\/\/likecoffee.ro\/sector-4\/#organization"},"potentialAction":[{"@type":"SearchAction","target":{"@type":"EntryPoint","urlTemplate":"https:\/\/likecoffee.ro\/sector-4\/?s={search_term_string}"},"query-input":"required name=search_term_string"}],"inLanguage":"en-US"},{"@type":"Organization","@id":"https:\/\/likecoffee.ro\/sector-4\/#organization","name":"Like Coffee","url":"https:\/\/likecoffee.ro\/sector-4\/","logo":{"@type":"ImageObject","inLanguage":"en-US","@id":"https:\/\/likecoffee.ro\/sector-4\/#\/schema\/logo\/image\/","url":"https:\/\/likecoffee.ro\/sector-4\/wp-content\/uploads\/webp\/cropped-db_webp_64d61e7c00b66logo-3.webp","contentUrl":"https:\/\/likecoffee.ro\/sector-4\/wp-content\/uploads\/webp\/cropped-db_webp_64d61e7c00b66logo-3.webp","width":90,"height":60,"caption":"Like Coffee"},"image":{"@id":"https:\/\/likecoffee.ro\/sector-4\/#\/schema\/logo\/image\/"}}]}},"lang":"ro","translations":{"ro":17},"pll_sync_post":[],"_links":{"self":[{"href":"https:\/\/likecoffee.ro\/sector-4\/wp-json\/wp\/v2\/pages\/17","targetHints":{"allow":["GET"]}}],"collection":[{"href":"https:\/\/likecoffee.ro\/sector-4\/wp-json\/wp\/v2\/pages"}],"about":[{"href":"https:\/\/likecoffee.ro\/sector-4\/wp-json\/wp\/v2\/types\/page"}],"author":[{"embeddable":true,"href":"https:\/\/likecoffee.ro\/sector-4\/wp-json\/wp\/v2\/users\/1"}],"replies":[{"embeddable":true,"href":"https:\/\/likecoffee.ro\/sector-4\/wp-json\/wp\/v2\/comments?post=17"}],"version-history":[{"count":22,"href":"https:\/\/likecoffee.ro\/sector-4\/wp-json\/wp\/v2\/pages\/17\/revisions"}],"predecessor-version":[{"id":1089,"href":"https:\/\/likecoffee.ro\/sector-4\/wp-json\/wp\/v2\/pages\/17\/revisions\/1089"}],"wp:featuredmedia":[{"embeddable":true,"href":"https:\/\/likecoffee.ro\/sector-4\/wp-json\/wp\/v2\/media\/839"}],"wp:attachment":[{"href":"https:\/\/likecoffee.ro\/sector-4\/wp-json\/wp\/v2\/media?parent=17"}],"curies":[{"name":"wp","href":"https:\/\/api.w.org\/{rel}","templated":true}]}}