{"id":17,"date":"2022-07-29T21:53:41","date_gmt":"2022-07-29T18:53:41","guid":{"rendered":"http:\/\/coffee.davovakd.beget.tech\/?page_id=17"},"modified":"2025-06-11T17:02:45","modified_gmt":"2025-06-11T14:02:45","slug":"despre-noi","status":"publish","type":"page","link":"https:\/\/likecoffee.ro\/sector-3\/despre-noi\/","title":{"rendered":"Despre noi"},"content":{"rendered":"<p data-start=\"88\" data-end=\"321\">Cu <strong>peste 11 ani de experien\u021b\u0103<\/strong> \u00een repara\u021bii \u0219i \u00eentre\u021binere espressoare \u00een Bucure\u0219ti, oferim service complet: diagnostic, repara\u021bie, mentenan\u021b\u0103 \u0219i garan\u021bie pentru toate modelele. Ne men\u021binem standardele ridicate \u0219i pre\u021buri competitive.<\/p>\n<p data-start=\"323\" data-end=\"537\">Echipa noastr\u0103 este format\u0103 din tehnicieni cu peste 5 ani de experien\u021b\u0103, preg\u0103ti\u021bi s\u0103 identifice \u0219i s\u0103 remedieze rapid orice defec\u021biune. Am reparat zeci de mii de espressoare, oferind solu\u021bii durabile \u0219i eficiente.<\/p>\n<p data-start=\"539\" data-end=\"722\"><strong>Folosim tehnologie modern\u0103 \u0219i procese automatizate pentru interven\u021bii rapide.<\/strong> Fiecare repara\u021bie este f\u0103cut\u0103 cu aten\u021bie la detalii, asigur\u00e2nd func\u021bionarea optim\u0103 a aparatului de cafea.<\/p>\n<p data-start=\"724\" data-end=\"897\"><strong>Suntem preg\u0103ti\u021bi s\u0103 rezolv\u0103m chiar \u0219i cele mai complicate probleme tehnice. Lucr\u0103m \u00een echip\u0103 \u0219i ne baz\u0103m pe o vast\u0103 experien\u021b\u0103 colectiv\u0103 pentru a g\u0103si cele mai bune solu\u021bii.<\/strong><\/p>\n<p data-start=\"899\" data-end=\"1085\">\u0218tim c\u00e2t de important este un espressor func\u021bional \u00een rutina zilnic\u0103. Indiferent dac\u0103 ai nevoie de \u00eentre\u021binere sau de o repara\u021bie complet\u0103, te ajut\u0103m s\u0103 ob\u021bii cafeaua perfect\u0103, zi de zi.<\/p>\n<p data-start=\"899\" data-end=\"1085\"><strong>Acoperim cele mai frecvent solicitate cartiere din Sector 3:<\/strong> Titan, Dristor, Vitan, Mihai Bravu, Decebal, Unirii, Dude\u0219ti, Timpuri Noi, Balta Alb\u0103, Nicolae Grigorescu, 1 Decembrie 1918 \u0219i Theodor Pallady. Oferim servicii complete de reparatii expresoare cafea, service aparat cafea \u0219i \u00eentre\u021binere profesional\u0103, inclusiv op\u021biuni cu livrare \u2013 ridic\u0103m aparatul de la tine \u0219i \u00eel return\u0103m dup\u0103 interven\u021bie.<\/p>\n<p data-start=\"899\" data-end=\"1085\">Oferim service aparat cafea \u0219i reparatii expresoare cafea cu preluare \u0219i livrare, acoperind \u0219i puncte de interes precum Pia\u021ba Alba Iulia, Pia\u021ba Unirii, Pia\u021ba Traian, Pia\u021ba Sf\u00e2ntul Gheorghe, Pia\u021ba Corneliu Coposu \u0219i Pia\u021ba Universit\u0103\u021bii.<\/p>\n<p data-start=\"899\" data-end=\"1085\"><strong> Indiferent de zon\u0103, intervenim prompt \u0219i eficient, astfel \u00eenc\u00e2t aparatul t\u0103u s\u0103 fie din nou func\u021bional \u00een cel mai scurt timp.<\/strong><\/p>\n","protected":false},"excerpt":{"rendered":"<p>Cu peste 11 ani de experien\u021b\u0103 \u00een repara\u021bii \u0219i \u00eentre\u021binere espressoare \u00een Bucure\u0219ti, oferim service complet: diagnostic, repara\u021bie, mentenan\u021b\u0103 \u0219i garan\u021bie pentru toate modelele. Ne men\u021binem standardele ridicate \u0219i pre\u021buri competitive. Echipa noastr\u0103 este format\u0103 din tehnicieni cu peste 5 ani de experien\u021b\u0103, preg\u0103ti\u021bi s\u0103 identifice \u0219i s\u0103 remedieze rapid orice defec\u021biune. Am reparat zeci [&hellip;]<\/p>\n","protected":false},"author":1,"featured_media":839,"parent":0,"menu_order":0,"comment_status":"closed","ping_status":"closed","template":"tmpl-about.php","meta":{"footnotes":""},"class_list":["post-17","page","type-page","status-publish","has-post-thumbnail","hentry"],"acf":[],"yoast_head":"<!-- This site is optimized with the Yoast SEO Premium plugin v18.7 (Yoast SEO v20.7) - https:\/\/yoast.com\/wordpress\/plugins\/seo\/ -->\n<title>Despre noi - Reparatii expresoare cafea Bucure\u0219ti Sector 3<\/title>\n<meta name=\"description\" content=\"Totul despre\u3010\u25b7 service aparat cafea\u25c1\u3011 repara\u021bia espresoarelor Bucure\u0219ti \u2714 Afl\u0103 mai mult\u0103 informa\u021bie despre noi \u0219i zonele deservite\" \/>\n<meta name=\"robots\" content=\"index, follow, max-snippet:-1, max-image-preview:large, max-video-preview:-1\" \/>\n<link rel=\"canonical\" href=\"https:\/\/likecoffee.ro\/sector-3\/despre-noi\/\" \/>\n<meta property=\"og:locale\" content=\"en_US\" \/>\n<meta property=\"og:type\" content=\"article\" \/>\n<meta property=\"og:title\" content=\"Despre noi\" \/>\n<meta property=\"og:description\" content=\"Totul despre\u3010\u25b7 service aparat cafea\u25c1\u3011 repara\u021bia espresoarelor Bucure\u0219ti \u2714 Afl\u0103 mai mult\u0103 informa\u021bie despre noi \u0219i zonele deservite\" \/>\n<meta property=\"og:url\" content=\"https:\/\/likecoffee.ro\/sector-3\/despre-noi\/\" \/>\n<meta property=\"og:site_name\" content=\"Like Coffee\" \/>\n<meta property=\"og:image\" content=\"https:\/\/likecoffee.ro\/sector-3\/wp-content\/uploads\/webp\/db_webp_64d62ccf857fddb_webp_639782bee0151dsc07972.webp\" \/>\n\t<meta property=\"og:image:width\" content=\"1333\" \/>\n\t<meta property=\"og:image:height\" content=\"2000\" \/>\n\t<meta property=\"og:image:type\" content=\"image\/webp\" \/>\n<meta name=\"twitter:card\" content=\"summary_large_image\" \/>\n<meta name=\"twitter:label1\" content=\"Est. reading time\" \/>\n\t<meta name=\"twitter:data1\" content=\"2 minutes\" \/>\n<script type=\"application\/ld+json\" class=\"yoast-schema-graph\">{\"@context\":\"https:\/\/schema.org\",\"@graph\":[{\"@type\":\"WebPage\",\"@id\":\"https:\/\/likecoffee.ro\/sector-3\/despre-noi\/\",\"url\":\"https:\/\/likecoffee.ro\/sector-3\/despre-noi\/\",\"name\":\"Despre noi - Reparatii expresoare cafea Bucure\u0219ti Sector 3\",\"isPartOf\":{\"@id\":\"https:\/\/likecoffee.ro\/sector-3\/#website\"},\"datePublished\":\"2022-07-29T18:53:41+00:00\",\"dateModified\":\"2025-06-11T14:02:45+00:00\",\"description\":\"Totul despre\u3010\u25b7 service aparat cafea\u25c1\u3011 repara\u021bia espresoarelor Bucure\u0219ti \u2714 Afl\u0103 mai mult\u0103 informa\u021bie despre noi \u0219i zonele deservite\",\"breadcrumb\":{\"@id\":\"https:\/\/likecoffee.ro\/sector-3\/despre-noi\/#breadcrumb\"},\"inLanguage\":\"en-US\",\"potentialAction\":[{\"@type\":\"ReadAction\",\"target\":[\"https:\/\/likecoffee.ro\/sector-3\/despre-noi\/\"]}]},{\"@type\":\"BreadcrumbList\",\"@id\":\"https:\/\/likecoffee.ro\/sector-3\/despre-noi\/#breadcrumb\",\"itemListElement\":[{\"@type\":\"ListItem\",\"position\":1,\"name\":\"\u0413\u043b\u0430\u0432\u043d\u0430\u044f \u0441\u0442\u0440\u0430\u043d\u0438\u0446\u0430\",\"item\":\"https:\/\/likecoffee.ro\/sector-3\/\"},{\"@type\":\"ListItem\",\"position\":2,\"name\":\"Despre noi\"}]},{\"@type\":\"WebSite\",\"@id\":\"https:\/\/likecoffee.ro\/sector-3\/#website\",\"url\":\"https:\/\/likecoffee.ro\/sector-3\/\",\"name\":\"Like Coffee\",\"description\":\"Repararea si intretinerea masinilor de cafea\",\"publisher\":{\"@id\":\"https:\/\/likecoffee.ro\/sector-3\/#organization\"},\"potentialAction\":[{\"@type\":\"SearchAction\",\"target\":{\"@type\":\"EntryPoint\",\"urlTemplate\":\"https:\/\/likecoffee.ro\/sector-3\/?s={search_term_string}\"},\"query-input\":\"required name=search_term_string\"}],\"inLanguage\":\"en-US\"},{\"@type\":\"Organization\",\"@id\":\"https:\/\/likecoffee.ro\/sector-3\/#organization\",\"name\":\"Like Coffee\",\"url\":\"https:\/\/likecoffee.ro\/sector-3\/\",\"logo\":{\"@type\":\"ImageObject\",\"inLanguage\":\"en-US\",\"@id\":\"https:\/\/likecoffee.ro\/sector-3\/#\/schema\/logo\/image\/\",\"url\":\"https:\/\/likecoffee.ro\/sector-3\/wp-content\/uploads\/webp\/cropped-db_webp_64d61e7c00b66logo-3.webp\",\"contentUrl\":\"https:\/\/likecoffee.ro\/sector-3\/wp-content\/uploads\/webp\/cropped-db_webp_64d61e7c00b66logo-3.webp\",\"width\":90,\"height\":60,\"caption\":\"Like Coffee\"},\"image\":{\"@id\":\"https:\/\/likecoffee.ro\/sector-3\/#\/schema\/logo\/image\/\"}}]}<\/script>\n<!-- \/ Yoast SEO Premium plugin. -->","yoast_head_json":{"title":"Despre noi - Reparatii expresoare cafea Bucure\u0219ti Sector 3","description":"Totul despre\u3010\u25b7 service aparat cafea\u25c1\u3011 repara\u021bia espresoarelor Bucure\u0219ti \u2714 Afl\u0103 mai mult\u0103 informa\u021bie despre noi \u0219i zonele deservite","robots":{"index":"index","follow":"follow","max-snippet":"max-snippet:-1","max-image-preview":"max-image-preview:large","max-video-preview":"max-video-preview:-1"},"canonical":"https:\/\/likecoffee.ro\/sector-3\/despre-noi\/","og_locale":"en_US","og_type":"article","og_title":"Despre noi","og_description":"Totul despre\u3010\u25b7 service aparat cafea\u25c1\u3011 repara\u021bia espresoarelor Bucure\u0219ti \u2714 Afl\u0103 mai mult\u0103 informa\u021bie despre noi \u0219i zonele deservite","og_url":"https:\/\/likecoffee.ro\/sector-3\/despre-noi\/","og_site_name":"Like Coffee","og_image":[{"width":1333,"height":2000,"url":"https:\/\/likecoffee.ro\/sector-3\/wp-content\/uploads\/webp\/db_webp_64d62ccf857fddb_webp_639782bee0151dsc07972.webp","type":"image\/webp"}],"twitter_card":"summary_large_image","twitter_misc":{"Est. reading time":"2 minutes"},"schema":{"@context":"https:\/\/schema.org","@graph":[{"@type":"WebPage","@id":"https:\/\/likecoffee.ro\/sector-3\/despre-noi\/","url":"https:\/\/likecoffee.ro\/sector-3\/despre-noi\/","name":"Despre noi - Reparatii expresoare cafea Bucure\u0219ti Sector 3","isPartOf":{"@id":"https:\/\/likecoffee.ro\/sector-3\/#website"},"datePublished":"2022-07-29T18:53:41+00:00","dateModified":"2025-06-11T14:02:45+00:00","description":"Totul despre\u3010\u25b7 service aparat cafea\u25c1\u3011 repara\u021bia espresoarelor Bucure\u0219ti \u2714 Afl\u0103 mai mult\u0103 informa\u021bie despre noi \u0219i zonele deservite","breadcrumb":{"@id":"https:\/\/likecoffee.ro\/sector-3\/despre-noi\/#breadcrumb"},"inLanguage":"en-US","potentialAction":[{"@type":"ReadAction","target":["https:\/\/likecoffee.ro\/sector-3\/despre-noi\/"]}]},{"@type":"BreadcrumbList","@id":"https:\/\/likecoffee.ro\/sector-3\/despre-noi\/#breadcrumb","itemListElement":[{"@type":"ListItem","position":1,"name":"\u0413\u043b\u0430\u0432\u043d\u0430\u044f \u0441\u0442\u0440\u0430\u043d\u0438\u0446\u0430","item":"https:\/\/likecoffee.ro\/sector-3\/"},{"@type":"ListItem","position":2,"name":"Despre noi"}]},{"@type":"WebSite","@id":"https:\/\/likecoffee.ro\/sector-3\/#website","url":"https:\/\/likecoffee.ro\/sector-3\/","name":"Like Coffee","description":"Repararea si intretinerea masinilor de cafea","publisher":{"@id":"https:\/\/likecoffee.ro\/sector-3\/#organization"},"potentialAction":[{"@type":"SearchAction","target":{"@type":"EntryPoint","urlTemplate":"https:\/\/likecoffee.ro\/sector-3\/?s={search_term_string}"},"query-input":"required name=search_term_string"}],"inLanguage":"en-US"},{"@type":"Organization","@id":"https:\/\/likecoffee.ro\/sector-3\/#organization","name":"Like Coffee","url":"https:\/\/likecoffee.ro\/sector-3\/","logo":{"@type":"ImageObject","inLanguage":"en-US","@id":"https:\/\/likecoffee.ro\/sector-3\/#\/schema\/logo\/image\/","url":"https:\/\/likecoffee.ro\/sector-3\/wp-content\/uploads\/webp\/cropped-db_webp_64d61e7c00b66logo-3.webp","contentUrl":"https:\/\/likecoffee.ro\/sector-3\/wp-content\/uploads\/webp\/cropped-db_webp_64d61e7c00b66logo-3.webp","width":90,"height":60,"caption":"Like Coffee"},"image":{"@id":"https:\/\/likecoffee.ro\/sector-3\/#\/schema\/logo\/image\/"}}]}},"lang":"ro","translations":{"ro":17},"pll_sync_post":[],"_links":{"self":[{"href":"https:\/\/likecoffee.ro\/sector-3\/wp-json\/wp\/v2\/pages\/17","targetHints":{"allow":["GET"]}}],"collection":[{"href":"https:\/\/likecoffee.ro\/sector-3\/wp-json\/wp\/v2\/pages"}],"about":[{"href":"https:\/\/likecoffee.ro\/sector-3\/wp-json\/wp\/v2\/types\/page"}],"author":[{"embeddable":true,"href":"https:\/\/likecoffee.ro\/sector-3\/wp-json\/wp\/v2\/users\/1"}],"replies":[{"embeddable":true,"href":"https:\/\/likecoffee.ro\/sector-3\/wp-json\/wp\/v2\/comments?post=17"}],"version-history":[{"count":22,"href":"https:\/\/likecoffee.ro\/sector-3\/wp-json\/wp\/v2\/pages\/17\/revisions"}],"predecessor-version":[{"id":1108,"href":"https:\/\/likecoffee.ro\/sector-3\/wp-json\/wp\/v2\/pages\/17\/revisions\/1108"}],"wp:featuredmedia":[{"embeddable":true,"href":"https:\/\/likecoffee.ro\/sector-3\/wp-json\/wp\/v2\/media\/839"}],"wp:attachment":[{"href":"https:\/\/likecoffee.ro\/sector-3\/wp-json\/wp\/v2\/media?parent=17"}],"curies":[{"name":"wp","href":"https:\/\/api.w.org\/{rel}","templated":true}]}}