{"id":17,"date":"2022-07-29T21:53:41","date_gmt":"2022-07-29T18:53:41","guid":{"rendered":"http:\/\/coffee.davovakd.beget.tech\/?page_id=17"},"modified":"2025-06-11T16:11:15","modified_gmt":"2025-06-11T13:11:15","slug":"despre-noi","status":"publish","type":"page","link":"https:\/\/likecoffee.ro\/sector-2\/despre-noi\/","title":{"rendered":"Despre noi"},"content":{"rendered":"<p data-start=\"0\" data-end=\"225\">Suntem o echip\u0103 cu <strong>peste 11 ani de experien\u021b\u0103<\/strong> \u00een repara\u021bii \u0219i \u00eentre\u021binere de espressoare \u00een Bucure\u0219ti. Oferim servicii complete de diagnostic, repara\u021bii \u0219i mentenan\u021b\u0103 pentru toate modelele, cu garan\u021bie \u0219i pre\u021buri competitive.<\/p>\n<p data-start=\"227\" data-end=\"428\">Tehnicienii no\u0219tri, cu peste 5 ani de experien\u021b\u0103, remediaz\u0103 rapid cele mai frecvente defecte, readuc\u00e2nd aparatele la performan\u021b\u0103 optim\u0103. Am reparat zeci de mii de espressoare, oferind solu\u021bii durabile.<\/p>\n<p data-start=\"430\" data-end=\"594\">Folosim tehnologie avansat\u0103 pentru interven\u021bii rapide \u0219i precise. Ne ocup\u0103m \u0219i de repara\u021bii complexe, oferind servicii de calitate superioar\u0103 pentru fiecare client.<\/p>\n<p data-start=\"596\" data-end=\"746\">Misiunea noastr\u0103 este s\u0103 asigur\u0103m func\u021bionarea impecabil\u0103 a aparatului de cafea, oferind servicii rapide \u0219i fiabile, indiferent de tipul interven\u021biei.<\/p>\n<p data-start=\"596\" data-end=\"746\"><strong>Deservim toate zonele din Sector 2 <\/strong>\u2013 Colentina, Iancului, Obor, Mo\u0219ilor, \u0218tefan cel Mare, Floreasca \u0219i Tei. Indiferent unde locui\u021bi sau lucra\u021bi, v\u0103 oferim servicii rapide \u0219i profesioniste de service aparat cafea, direct \u00een cartierul dumneavoastr\u0103.<\/p>\n<p data-start=\"596\" data-end=\"746\"><strong>Ne deplas\u0103m prompt \u0219i intervenim eficient pentru orice tip de repara\u021bie sau \u00eentre\u021binere, astfel \u00eenc\u00e2t aparatul dvs. de cafea s\u0103 func\u021bioneze perfect c\u00e2t mai cur\u00e2nd posibil.<\/strong><\/p>\n","protected":false},"excerpt":{"rendered":"<p>Suntem o echip\u0103 cu peste 11 ani de experien\u021b\u0103 \u00een repara\u021bii \u0219i \u00eentre\u021binere de espressoare \u00een Bucure\u0219ti. Oferim servicii complete de diagnostic, repara\u021bii \u0219i mentenan\u021b\u0103 pentru toate modelele, cu garan\u021bie \u0219i pre\u021buri competitive. Tehnicienii no\u0219tri, cu peste 5 ani de experien\u021b\u0103, remediaz\u0103 rapid cele mai frecvente defecte, readuc\u00e2nd aparatele la performan\u021b\u0103 optim\u0103. Am reparat zeci [&hellip;]<\/p>\n","protected":false},"author":1,"featured_media":839,"parent":0,"menu_order":0,"comment_status":"closed","ping_status":"closed","template":"tmpl-about.php","meta":{"footnotes":""},"class_list":["post-17","page","type-page","status-publish","has-post-thumbnail","hentry"],"acf":[],"yoast_head":"<!-- This site is optimized with the Yoast SEO Premium plugin v18.7 (Yoast SEO v20.7) - https:\/\/yoast.com\/wordpress\/plugins\/seo\/ -->\n<title>Despre noi - Like Coffee Service aparat cafea Bucure\u0219ti Sector 2<\/title>\n<meta name=\"description\" content=\"Totul despre reparatii expresoare cafea Bucure\u0219ti Sector 2 \u2714 Afl\u0103 mai mult\u0103 informa\u021bie despre ce reparam \u0219i cum repar\u0103m, zone deservite\" \/>\n<meta name=\"robots\" content=\"index, follow, max-snippet:-1, max-image-preview:large, max-video-preview:-1\" \/>\n<link rel=\"canonical\" href=\"https:\/\/likecoffee.ro\/sector-2\/despre-noi\/\" \/>\n<meta property=\"og:locale\" content=\"en_US\" \/>\n<meta property=\"og:type\" content=\"article\" \/>\n<meta property=\"og:title\" content=\"Despre noi\" \/>\n<meta property=\"og:description\" content=\"Totul despre reparatii expresoare cafea Bucure\u0219ti Sector 2 \u2714 Afl\u0103 mai mult\u0103 informa\u021bie despre ce reparam \u0219i cum repar\u0103m, zone deservite\" \/>\n<meta property=\"og:url\" content=\"https:\/\/likecoffee.ro\/sector-2\/despre-noi\/\" \/>\n<meta property=\"og:site_name\" content=\"Like Coffee\" \/>\n<meta property=\"og:image\" content=\"https:\/\/likecoffee.ro\/sector-2\/wp-content\/uploads\/webp\/db_webp_64d62ccf857fddb_webp_639782bee0151dsc07972.webp\" \/>\n\t<meta property=\"og:image:width\" content=\"1333\" \/>\n\t<meta property=\"og:image:height\" content=\"2000\" \/>\n\t<meta property=\"og:image:type\" content=\"image\/webp\" \/>\n<meta name=\"twitter:card\" content=\"summary_large_image\" \/>\n<meta name=\"twitter:label1\" content=\"Est. reading time\" \/>\n\t<meta name=\"twitter:data1\" content=\"1 minute\" \/>\n<script type=\"application\/ld+json\" class=\"yoast-schema-graph\">{\"@context\":\"https:\/\/schema.org\",\"@graph\":[{\"@type\":\"WebPage\",\"@id\":\"https:\/\/likecoffee.ro\/sector-2\/despre-noi\/\",\"url\":\"https:\/\/likecoffee.ro\/sector-2\/despre-noi\/\",\"name\":\"Despre noi - Like Coffee Service aparat cafea Bucure\u0219ti Sector 2\",\"isPartOf\":{\"@id\":\"https:\/\/likecoffee.ro\/sector-2\/#website\"},\"datePublished\":\"2022-07-29T18:53:41+00:00\",\"dateModified\":\"2025-06-11T13:11:15+00:00\",\"description\":\"Totul despre reparatii expresoare cafea Bucure\u0219ti Sector 2 \u2714 Afl\u0103 mai mult\u0103 informa\u021bie despre ce reparam \u0219i cum repar\u0103m, zone deservite\",\"breadcrumb\":{\"@id\":\"https:\/\/likecoffee.ro\/sector-2\/despre-noi\/#breadcrumb\"},\"inLanguage\":\"en-US\",\"potentialAction\":[{\"@type\":\"ReadAction\",\"target\":[\"https:\/\/likecoffee.ro\/sector-2\/despre-noi\/\"]}]},{\"@type\":\"BreadcrumbList\",\"@id\":\"https:\/\/likecoffee.ro\/sector-2\/despre-noi\/#breadcrumb\",\"itemListElement\":[{\"@type\":\"ListItem\",\"position\":1,\"name\":\"\u0413\u043b\u0430\u0432\u043d\u0430\u044f \u0441\u0442\u0440\u0430\u043d\u0438\u0446\u0430\",\"item\":\"https:\/\/likecoffee.ro\/sector-2\/\"},{\"@type\":\"ListItem\",\"position\":2,\"name\":\"Despre noi\"}]},{\"@type\":\"WebSite\",\"@id\":\"https:\/\/likecoffee.ro\/sector-2\/#website\",\"url\":\"https:\/\/likecoffee.ro\/sector-2\/\",\"name\":\"Like Coffee\",\"description\":\"Repararea si intretinerea masinilor de cafea\",\"publisher\":{\"@id\":\"https:\/\/likecoffee.ro\/sector-2\/#organization\"},\"potentialAction\":[{\"@type\":\"SearchAction\",\"target\":{\"@type\":\"EntryPoint\",\"urlTemplate\":\"https:\/\/likecoffee.ro\/sector-2\/?s={search_term_string}\"},\"query-input\":\"required name=search_term_string\"}],\"inLanguage\":\"en-US\"},{\"@type\":\"Organization\",\"@id\":\"https:\/\/likecoffee.ro\/sector-2\/#organization\",\"name\":\"Like Coffee\",\"url\":\"https:\/\/likecoffee.ro\/sector-2\/\",\"logo\":{\"@type\":\"ImageObject\",\"inLanguage\":\"en-US\",\"@id\":\"https:\/\/likecoffee.ro\/sector-2\/#\/schema\/logo\/image\/\",\"url\":\"https:\/\/likecoffee.ro\/sector-2\/wp-content\/uploads\/webp\/cropped-db_webp_64d61e7c00b66logo-3.webp\",\"contentUrl\":\"https:\/\/likecoffee.ro\/sector-2\/wp-content\/uploads\/webp\/cropped-db_webp_64d61e7c00b66logo-3.webp\",\"width\":90,\"height\":60,\"caption\":\"Like Coffee\"},\"image\":{\"@id\":\"https:\/\/likecoffee.ro\/sector-2\/#\/schema\/logo\/image\/\"}}]}<\/script>\n<!-- \/ Yoast SEO Premium plugin. -->","yoast_head_json":{"title":"Despre noi - Like Coffee Service aparat cafea Bucure\u0219ti Sector 2","description":"Totul despre reparatii expresoare cafea Bucure\u0219ti Sector 2 \u2714 Afl\u0103 mai mult\u0103 informa\u021bie despre ce reparam \u0219i cum repar\u0103m, zone deservite","robots":{"index":"index","follow":"follow","max-snippet":"max-snippet:-1","max-image-preview":"max-image-preview:large","max-video-preview":"max-video-preview:-1"},"canonical":"https:\/\/likecoffee.ro\/sector-2\/despre-noi\/","og_locale":"en_US","og_type":"article","og_title":"Despre noi","og_description":"Totul despre reparatii expresoare cafea Bucure\u0219ti Sector 2 \u2714 Afl\u0103 mai mult\u0103 informa\u021bie despre ce reparam \u0219i cum repar\u0103m, zone deservite","og_url":"https:\/\/likecoffee.ro\/sector-2\/despre-noi\/","og_site_name":"Like Coffee","og_image":[{"width":1333,"height":2000,"url":"https:\/\/likecoffee.ro\/sector-2\/wp-content\/uploads\/webp\/db_webp_64d62ccf857fddb_webp_639782bee0151dsc07972.webp","type":"image\/webp"}],"twitter_card":"summary_large_image","twitter_misc":{"Est. reading time":"1 minute"},"schema":{"@context":"https:\/\/schema.org","@graph":[{"@type":"WebPage","@id":"https:\/\/likecoffee.ro\/sector-2\/despre-noi\/","url":"https:\/\/likecoffee.ro\/sector-2\/despre-noi\/","name":"Despre noi - Like Coffee Service aparat cafea Bucure\u0219ti Sector 2","isPartOf":{"@id":"https:\/\/likecoffee.ro\/sector-2\/#website"},"datePublished":"2022-07-29T18:53:41+00:00","dateModified":"2025-06-11T13:11:15+00:00","description":"Totul despre reparatii expresoare cafea Bucure\u0219ti Sector 2 \u2714 Afl\u0103 mai mult\u0103 informa\u021bie despre ce reparam \u0219i cum repar\u0103m, zone deservite","breadcrumb":{"@id":"https:\/\/likecoffee.ro\/sector-2\/despre-noi\/#breadcrumb"},"inLanguage":"en-US","potentialAction":[{"@type":"ReadAction","target":["https:\/\/likecoffee.ro\/sector-2\/despre-noi\/"]}]},{"@type":"BreadcrumbList","@id":"https:\/\/likecoffee.ro\/sector-2\/despre-noi\/#breadcrumb","itemListElement":[{"@type":"ListItem","position":1,"name":"\u0413\u043b\u0430\u0432\u043d\u0430\u044f \u0441\u0442\u0440\u0430\u043d\u0438\u0446\u0430","item":"https:\/\/likecoffee.ro\/sector-2\/"},{"@type":"ListItem","position":2,"name":"Despre noi"}]},{"@type":"WebSite","@id":"https:\/\/likecoffee.ro\/sector-2\/#website","url":"https:\/\/likecoffee.ro\/sector-2\/","name":"Like Coffee","description":"Repararea si intretinerea masinilor de cafea","publisher":{"@id":"https:\/\/likecoffee.ro\/sector-2\/#organization"},"potentialAction":[{"@type":"SearchAction","target":{"@type":"EntryPoint","urlTemplate":"https:\/\/likecoffee.ro\/sector-2\/?s={search_term_string}"},"query-input":"required name=search_term_string"}],"inLanguage":"en-US"},{"@type":"Organization","@id":"https:\/\/likecoffee.ro\/sector-2\/#organization","name":"Like Coffee","url":"https:\/\/likecoffee.ro\/sector-2\/","logo":{"@type":"ImageObject","inLanguage":"en-US","@id":"https:\/\/likecoffee.ro\/sector-2\/#\/schema\/logo\/image\/","url":"https:\/\/likecoffee.ro\/sector-2\/wp-content\/uploads\/webp\/cropped-db_webp_64d61e7c00b66logo-3.webp","contentUrl":"https:\/\/likecoffee.ro\/sector-2\/wp-content\/uploads\/webp\/cropped-db_webp_64d61e7c00b66logo-3.webp","width":90,"height":60,"caption":"Like Coffee"},"image":{"@id":"https:\/\/likecoffee.ro\/sector-2\/#\/schema\/logo\/image\/"}}]}},"lang":"ro","translations":{"ro":17},"pll_sync_post":[],"_links":{"self":[{"href":"https:\/\/likecoffee.ro\/sector-2\/wp-json\/wp\/v2\/pages\/17","targetHints":{"allow":["GET"]}}],"collection":[{"href":"https:\/\/likecoffee.ro\/sector-2\/wp-json\/wp\/v2\/pages"}],"about":[{"href":"https:\/\/likecoffee.ro\/sector-2\/wp-json\/wp\/v2\/types\/page"}],"author":[{"embeddable":true,"href":"https:\/\/likecoffee.ro\/sector-2\/wp-json\/wp\/v2\/users\/1"}],"replies":[{"embeddable":true,"href":"https:\/\/likecoffee.ro\/sector-2\/wp-json\/wp\/v2\/comments?post=17"}],"version-history":[{"count":23,"href":"https:\/\/likecoffee.ro\/sector-2\/wp-json\/wp\/v2\/pages\/17\/revisions"}],"predecessor-version":[{"id":1106,"href":"https:\/\/likecoffee.ro\/sector-2\/wp-json\/wp\/v2\/pages\/17\/revisions\/1106"}],"wp:featuredmedia":[{"embeddable":true,"href":"https:\/\/likecoffee.ro\/sector-2\/wp-json\/wp\/v2\/media\/839"}],"wp:attachment":[{"href":"https:\/\/likecoffee.ro\/sector-2\/wp-json\/wp\/v2\/media?parent=17"}],"curies":[{"name":"wp","href":"https:\/\/api.w.org\/{rel}","templated":true}]}}