{"id":17,"date":"2022-07-29T21:53:41","date_gmt":"2022-07-29T18:53:41","guid":{"rendered":"http:\/\/coffee.davovakd.beget.tech\/?page_id=17"},"modified":"2025-06-11T14:03:57","modified_gmt":"2025-06-11T11:03:57","slug":"despre-noi","status":"publish","type":"page","link":"https:\/\/likecoffee.ro\/sector-1\/despre-noi\/","title":{"rendered":"Despre noi"},"content":{"rendered":"<h3 data-start=\"64\" data-end=\"144\"><strong data-start=\"64\" data-end=\"144\">Reparatii expresoare cafea \u00een Bucure\u0219ti, sector 1 \u2013 experien\u021b\u0103 \u0219i servicii de top<\/strong><\/h3>\n<p data-start=\"146\" data-end=\"383\">Avem <strong>peste 11 ani de experien\u021b\u0103 \u00een repara\u021bie \u0219i \u00eentre\u021binere espressoare<\/strong>, oferind servicii complete pentru toate modelele. Oferim diagnoz\u0103 precis\u0103, repara\u021bii rapide, \u00eentre\u021binere profesional\u0103 \u0219i garan\u021bie oficial\u0103, totul la pre\u021buri corecte.<\/p>\n<p data-start=\"385\" data-end=\"652\">Echipa noastr\u0103 de tehnicieni cu peste 5 ani experien\u021b\u0103 cunoa\u0219te bine cele mai frecvente defec\u021biuni \u0219i \u0219tie exact cum s\u0103 readuc\u0103 aparatul la performan\u021b\u0103 maxim\u0103. P\u00e2n\u0103 acum am reparat zeci de mii de aparate \u00een Bucure\u0219ti, folosind echipamente moderne \u0219i proceduri rapide.<\/p>\n<p data-start=\"654\" data-end=\"894\">Fie c\u0103 ai nevoie de o cur\u0103\u021bare, o \u00eenlocuire de piese sau o repara\u021bie complet\u0103, suntem aici s\u0103 rezolv\u0103m problema eficient. Ne mi\u0219c\u0103m repede, lucr\u0103m curat \u0219i garant\u0103m rezultate durabile \u2013 pentru ca tu s\u0103 te bucuri de cafea bun\u0103 \u00een fiecare zi.<\/p>\n<p>Oferim servicii profesionale de repara\u021bie \u0219i \u00eentre\u021binere pentru espressoare \u00een <strong>cele mai populare zone din Sector 1,<\/strong> acoperind complet artere importante precum Bulevardul Prim\u0103verii, Bulevardul Regele Mihai I, Bulevardul Mircea Eliade, Bulevardul Constantin Prezan, Bulevardul Mare\u0219al Alexandru Averescu, Bulevardul Expozi\u021biei \u0219i Bulevardul Aerog\u0103rii. Ne deplas\u0103m prompt \u00een toate aceste loca\u021bii, asigur\u00e2nd interven\u021bii rapide \u0219i precise. De asemenea, suntem activi \u00een zone centrale frecventate, precum Pia\u021ba Victoriei, Pia\u021ba Aviatorilor, Pia\u021ba Charles de Gaulle, Pia\u021ba Roman\u0103, Pia\u021ba Doroban\u021bi, Pia\u021ba Revolu\u021biei, Pia\u021ba 1 Mai, Pia\u021ba Buze\u0219ti, Pia\u021ba Gara de Nord, Pia\u021ba Presei Libere, Pia\u021ba Montreal, Pia\u021ba George Enescu, Pia\u021ba Sfin\u021bii Voievozi \u0219i alte puncte de interes din Sector 1.<\/p>\n<p><strong>Indiferent de adres\u0103, v\u0103 garant\u0103m un serviciu de calitate pentru orice tip de aparat de cafea.<\/strong><\/p>\n<p>&nbsp;<\/p>\n","protected":false},"excerpt":{"rendered":"<p>Reparatii expresoare cafea \u00een Bucure\u0219ti, sector 1 \u2013 experien\u021b\u0103 \u0219i servicii de top Avem peste 11 ani de experien\u021b\u0103 \u00een repara\u021bie \u0219i \u00eentre\u021binere espressoare, oferind servicii complete pentru toate modelele. Oferim diagnoz\u0103 precis\u0103, repara\u021bii rapide, \u00eentre\u021binere profesional\u0103 \u0219i garan\u021bie oficial\u0103, totul la pre\u021buri corecte. Echipa noastr\u0103 de tehnicieni cu peste 5 ani experien\u021b\u0103 cunoa\u0219te bine [&hellip;]<\/p>\n","protected":false},"author":1,"featured_media":839,"parent":0,"menu_order":0,"comment_status":"closed","ping_status":"closed","template":"tmpl-about.php","meta":{"footnotes":""},"class_list":["post-17","page","type-page","status-publish","has-post-thumbnail","hentry"],"acf":[],"yoast_head":"<!-- This site is optimized with the Yoast SEO Premium plugin v18.7 (Yoast SEO v20.7) - https:\/\/yoast.com\/wordpress\/plugins\/seo\/ -->\n<title>Despre noi - Like Coffee Sector 1 Bucure\u0219ti<\/title>\n<meta name=\"description\" content=\"Totul despre reparatii expresoare cafea Bucure\u0219ti Sector 1 \u2714 Service aparat cafea. Zone deservite \u0219i experien\u021b\u0103 reparatie expresor cafea\" \/>\n<meta name=\"robots\" content=\"index, follow, max-snippet:-1, max-image-preview:large, max-video-preview:-1\" \/>\n<link rel=\"canonical\" href=\"https:\/\/likecoffee.ro\/sector-1\/despre-noi\/\" \/>\n<meta property=\"og:locale\" content=\"en_US\" \/>\n<meta property=\"og:type\" content=\"article\" \/>\n<meta property=\"og:title\" content=\"Despre noi\" \/>\n<meta property=\"og:description\" content=\"Totul despre reparatii expresoare cafea Bucure\u0219ti Sector 1 \u2714 Service aparat cafea. Zone deservite \u0219i experien\u021b\u0103 reparatie expresor cafea\" \/>\n<meta property=\"og:url\" content=\"https:\/\/likecoffee.ro\/sector-1\/despre-noi\/\" \/>\n<meta property=\"og:site_name\" content=\"Like Coffee\" \/>\n<meta property=\"og:image\" content=\"https:\/\/likecoffee.ro\/sector-1\/wp-content\/uploads\/webp\/db_webp_64d62ccf857fddb_webp_639782bee0151dsc07972.webp\" \/>\n\t<meta property=\"og:image:width\" content=\"1333\" \/>\n\t<meta property=\"og:image:height\" content=\"2000\" \/>\n\t<meta property=\"og:image:type\" content=\"image\/webp\" \/>\n<meta name=\"twitter:card\" content=\"summary_large_image\" \/>\n<meta name=\"twitter:label1\" content=\"Est. reading time\" \/>\n\t<meta name=\"twitter:data1\" content=\"2 minutes\" \/>\n<script type=\"application\/ld+json\" class=\"yoast-schema-graph\">{\"@context\":\"https:\/\/schema.org\",\"@graph\":[{\"@type\":\"WebPage\",\"@id\":\"https:\/\/likecoffee.ro\/sector-1\/despre-noi\/\",\"url\":\"https:\/\/likecoffee.ro\/sector-1\/despre-noi\/\",\"name\":\"Despre noi - Like Coffee Sector 1 Bucure\u0219ti\",\"isPartOf\":{\"@id\":\"https:\/\/likecoffee.ro\/sector-1\/#website\"},\"datePublished\":\"2022-07-29T18:53:41+00:00\",\"dateModified\":\"2025-06-11T11:03:57+00:00\",\"description\":\"Totul despre reparatii expresoare cafea Bucure\u0219ti Sector 1 \u2714 Service aparat cafea. Zone deservite \u0219i experien\u021b\u0103 reparatie expresor cafea\",\"breadcrumb\":{\"@id\":\"https:\/\/likecoffee.ro\/sector-1\/despre-noi\/#breadcrumb\"},\"inLanguage\":\"en-US\",\"potentialAction\":[{\"@type\":\"ReadAction\",\"target\":[\"https:\/\/likecoffee.ro\/sector-1\/despre-noi\/\"]}]},{\"@type\":\"BreadcrumbList\",\"@id\":\"https:\/\/likecoffee.ro\/sector-1\/despre-noi\/#breadcrumb\",\"itemListElement\":[{\"@type\":\"ListItem\",\"position\":1,\"name\":\"\u0413\u043b\u0430\u0432\u043d\u0430\u044f \u0441\u0442\u0440\u0430\u043d\u0438\u0446\u0430\",\"item\":\"https:\/\/likecoffee.ro\/sector-1\/\"},{\"@type\":\"ListItem\",\"position\":2,\"name\":\"Despre noi\"}]},{\"@type\":\"WebSite\",\"@id\":\"https:\/\/likecoffee.ro\/sector-1\/#website\",\"url\":\"https:\/\/likecoffee.ro\/sector-1\/\",\"name\":\"Like Coffee\",\"description\":\"Repararea si intretinerea espressoarelor\",\"publisher\":{\"@id\":\"https:\/\/likecoffee.ro\/sector-1\/#organization\"},\"potentialAction\":[{\"@type\":\"SearchAction\",\"target\":{\"@type\":\"EntryPoint\",\"urlTemplate\":\"https:\/\/likecoffee.ro\/sector-1\/?s={search_term_string}\"},\"query-input\":\"required name=search_term_string\"}],\"inLanguage\":\"en-US\"},{\"@type\":\"Organization\",\"@id\":\"https:\/\/likecoffee.ro\/sector-1\/#organization\",\"name\":\"Like Coffee\",\"url\":\"https:\/\/likecoffee.ro\/sector-1\/\",\"logo\":{\"@type\":\"ImageObject\",\"inLanguage\":\"en-US\",\"@id\":\"https:\/\/likecoffee.ro\/sector-1\/#\/schema\/logo\/image\/\",\"url\":\"https:\/\/likecoffee.ro\/sector-1\/wp-content\/uploads\/webp\/cropped-db_webp_64d61e7c00b66logo-3.webp\",\"contentUrl\":\"https:\/\/likecoffee.ro\/sector-1\/wp-content\/uploads\/webp\/cropped-db_webp_64d61e7c00b66logo-3.webp\",\"width\":90,\"height\":60,\"caption\":\"Like Coffee\"},\"image\":{\"@id\":\"https:\/\/likecoffee.ro\/sector-1\/#\/schema\/logo\/image\/\"}}]}<\/script>\n<!-- \/ Yoast SEO Premium plugin. -->","yoast_head_json":{"title":"Despre noi - Like Coffee Sector 1 Bucure\u0219ti","description":"Totul despre reparatii expresoare cafea Bucure\u0219ti Sector 1 \u2714 Service aparat cafea. Zone deservite \u0219i experien\u021b\u0103 reparatie expresor cafea","robots":{"index":"index","follow":"follow","max-snippet":"max-snippet:-1","max-image-preview":"max-image-preview:large","max-video-preview":"max-video-preview:-1"},"canonical":"https:\/\/likecoffee.ro\/sector-1\/despre-noi\/","og_locale":"en_US","og_type":"article","og_title":"Despre noi","og_description":"Totul despre reparatii expresoare cafea Bucure\u0219ti Sector 1 \u2714 Service aparat cafea. Zone deservite \u0219i experien\u021b\u0103 reparatie expresor cafea","og_url":"https:\/\/likecoffee.ro\/sector-1\/despre-noi\/","og_site_name":"Like Coffee","og_image":[{"width":1333,"height":2000,"url":"https:\/\/likecoffee.ro\/sector-1\/wp-content\/uploads\/webp\/db_webp_64d62ccf857fddb_webp_639782bee0151dsc07972.webp","type":"image\/webp"}],"twitter_card":"summary_large_image","twitter_misc":{"Est. reading time":"2 minutes"},"schema":{"@context":"https:\/\/schema.org","@graph":[{"@type":"WebPage","@id":"https:\/\/likecoffee.ro\/sector-1\/despre-noi\/","url":"https:\/\/likecoffee.ro\/sector-1\/despre-noi\/","name":"Despre noi - Like Coffee Sector 1 Bucure\u0219ti","isPartOf":{"@id":"https:\/\/likecoffee.ro\/sector-1\/#website"},"datePublished":"2022-07-29T18:53:41+00:00","dateModified":"2025-06-11T11:03:57+00:00","description":"Totul despre reparatii expresoare cafea Bucure\u0219ti Sector 1 \u2714 Service aparat cafea. Zone deservite \u0219i experien\u021b\u0103 reparatie expresor cafea","breadcrumb":{"@id":"https:\/\/likecoffee.ro\/sector-1\/despre-noi\/#breadcrumb"},"inLanguage":"en-US","potentialAction":[{"@type":"ReadAction","target":["https:\/\/likecoffee.ro\/sector-1\/despre-noi\/"]}]},{"@type":"BreadcrumbList","@id":"https:\/\/likecoffee.ro\/sector-1\/despre-noi\/#breadcrumb","itemListElement":[{"@type":"ListItem","position":1,"name":"\u0413\u043b\u0430\u0432\u043d\u0430\u044f \u0441\u0442\u0440\u0430\u043d\u0438\u0446\u0430","item":"https:\/\/likecoffee.ro\/sector-1\/"},{"@type":"ListItem","position":2,"name":"Despre noi"}]},{"@type":"WebSite","@id":"https:\/\/likecoffee.ro\/sector-1\/#website","url":"https:\/\/likecoffee.ro\/sector-1\/","name":"Like Coffee","description":"Repararea si intretinerea espressoarelor","publisher":{"@id":"https:\/\/likecoffee.ro\/sector-1\/#organization"},"potentialAction":[{"@type":"SearchAction","target":{"@type":"EntryPoint","urlTemplate":"https:\/\/likecoffee.ro\/sector-1\/?s={search_term_string}"},"query-input":"required name=search_term_string"}],"inLanguage":"en-US"},{"@type":"Organization","@id":"https:\/\/likecoffee.ro\/sector-1\/#organization","name":"Like Coffee","url":"https:\/\/likecoffee.ro\/sector-1\/","logo":{"@type":"ImageObject","inLanguage":"en-US","@id":"https:\/\/likecoffee.ro\/sector-1\/#\/schema\/logo\/image\/","url":"https:\/\/likecoffee.ro\/sector-1\/wp-content\/uploads\/webp\/cropped-db_webp_64d61e7c00b66logo-3.webp","contentUrl":"https:\/\/likecoffee.ro\/sector-1\/wp-content\/uploads\/webp\/cropped-db_webp_64d61e7c00b66logo-3.webp","width":90,"height":60,"caption":"Like Coffee"},"image":{"@id":"https:\/\/likecoffee.ro\/sector-1\/#\/schema\/logo\/image\/"}}]}},"lang":"ro","translations":{"ro":17},"pll_sync_post":[],"_links":{"self":[{"href":"https:\/\/likecoffee.ro\/sector-1\/wp-json\/wp\/v2\/pages\/17","targetHints":{"allow":["GET"]}}],"collection":[{"href":"https:\/\/likecoffee.ro\/sector-1\/wp-json\/wp\/v2\/pages"}],"about":[{"href":"https:\/\/likecoffee.ro\/sector-1\/wp-json\/wp\/v2\/types\/page"}],"author":[{"embeddable":true,"href":"https:\/\/likecoffee.ro\/sector-1\/wp-json\/wp\/v2\/users\/1"}],"replies":[{"embeddable":true,"href":"https:\/\/likecoffee.ro\/sector-1\/wp-json\/wp\/v2\/comments?post=17"}],"version-history":[{"count":25,"href":"https:\/\/likecoffee.ro\/sector-1\/wp-json\/wp\/v2\/pages\/17\/revisions"}],"predecessor-version":[{"id":1111,"href":"https:\/\/likecoffee.ro\/sector-1\/wp-json\/wp\/v2\/pages\/17\/revisions\/1111"}],"wp:featuredmedia":[{"embeddable":true,"href":"https:\/\/likecoffee.ro\/sector-1\/wp-json\/wp\/v2\/media\/839"}],"wp:attachment":[{"href":"https:\/\/likecoffee.ro\/sector-1\/wp-json\/wp\/v2\/media?parent=17"}],"curies":[{"name":"wp","href":"https:\/\/api.w.org\/{rel}","templated":true}]}}