{"id":17,"date":"2022-07-29T21:53:41","date_gmt":"2022-07-29T18:53:41","guid":{"rendered":"http:\/\/coffee.davovakd.beget.tech\/?page_id=17"},"modified":"2025-06-06T12:48:05","modified_gmt":"2025-06-06T09:48:05","slug":"despre-noi","status":"publish","type":"page","link":"https:\/\/likecoffee.ro\/bucuresti\/despre-noi\/","title":{"rendered":"Despre noi"},"content":{"rendered":"<p data-start=\"0\" data-end=\"417\">Avem peste 11 ani de activitate \u00een domeniul repara\u021biei \u0219i \u00eentre\u021binerii espressoarelor \u00een Bucure\u0219ti, timp \u00een care am devenit un centru de service de \u00eencredere pentru clien\u021bii care caut\u0103 solu\u021bii rapide \u0219i eficiente. Oferim servicii complete \u2013 de la diagnosticare la repara\u021bii \u0219i mentenan\u021b\u0103 \u2013 pentru toate tipurile de aparate de cafea, la pre\u021buri accesibile \u0219i cu garan\u021bie oficial\u0103, men\u021bin\u00e2nd standarde tehnice ridicate.<\/p>\n<p data-start=\"419\" data-end=\"825\">Lucr\u0103m cu o echip\u0103 de tehnicieni experimenta\u021bi, fiecare av\u00e2nd peste 5 ani de activitate \u00een repara\u021bia espressoarelor. Cunoa\u0219tem \u00een detaliu procesele de service \u0219i intervenim prompt \u00een cazul oric\u0103rui defect, restabilind performan\u021bele optime ale aparatului. De-a lungul anilor, am avut \u00een grij\u0103 zeci de mii de espressoare \u00een Bucure\u0219ti, oferind repara\u021bii durabile \u0219i solu\u021bii adaptate fiec\u0103rei probleme tehnice.<\/p>\n<p data-start=\"827\" data-end=\"1117\">Utiliz\u0103m echipamente moderne pentru diagnosticare \u0219i interven\u021bie, iar procesele automatizate ne permit s\u0103 reac\u021bion\u0103m rapid la cerin\u021bele clien\u021bilor. Trat\u0103m fiecare repara\u021bie cu maxim\u0103 seriozitate, aten\u021bie \u0219i profesionalism, pentru a asigura func\u021bionarea impecabil\u0103 a fiec\u0103rui aparat reparat.<\/p>\n<p data-start=\"1119\" data-end=\"1381\">Suntem obi\u0219nui\u021bi s\u0103 lucr\u0103m \u0219i cu defec\u021biuni complexe, fiecare interven\u021bie fiind o nou\u0103 ocazie de perfec\u021bionare. Colaborarea eficient\u0103 din cadrul echipei ne permite s\u0103 identific\u0103m solu\u021bii rapide \u0219i s\u0103 remediem orice problem\u0103, indiferent de nivelul de dificultate.<\/p>\n<p data-start=\"1383\" data-end=\"1787\">\u00cen\u021belegem c\u00e2t de important este ca aparatul de cafea s\u0103 func\u021bioneze f\u0103r\u0103 \u00eentreruperi \u00een rutina de zi cu zi. De aceea, misiunea noastr\u0103 este s\u0103 oferim clien\u021bilor din Bucure\u0219ti servicii rapide, fiabile \u0219i la cele mai \u00eenalte standarde. Indiferent dac\u0103 este vorba despre o \u00eentre\u021binere de rutin\u0103 sau o repara\u021bie complicat\u0103, ne asigur\u0103m c\u0103 espressorul dumneavoastr\u0103 va livra, din nou, cafea perfect\u0103, zi de zi.<\/p>\n","protected":false},"excerpt":{"rendered":"<p>Avem peste 11 ani de activitate \u00een domeniul repara\u021biei \u0219i \u00eentre\u021binerii espressoarelor \u00een Bucure\u0219ti, timp \u00een care am devenit un centru de service de \u00eencredere pentru clien\u021bii care caut\u0103 solu\u021bii rapide \u0219i eficiente. Oferim servicii complete \u2013 de la diagnosticare la repara\u021bii \u0219i mentenan\u021b\u0103 \u2013 pentru toate tipurile de aparate de cafea, la pre\u021buri accesibile [&hellip;]<\/p>\n","protected":false},"author":1,"featured_media":839,"parent":0,"menu_order":0,"comment_status":"closed","ping_status":"closed","template":"tmpl-about.php","meta":{"footnotes":""},"class_list":["post-17","page","type-page","status-publish","has-post-thumbnail","hentry"],"acf":[],"yoast_head":"<!-- This site is optimized with the Yoast SEO Premium plugin v18.7 (Yoast SEO v20.7) - https:\/\/yoast.com\/wordpress\/plugins\/seo\/ -->\n<title>Despre noi - Like Coffee<\/title>\n<meta name=\"description\" content=\"Totul despre Like Coffee-repara\u021bie aparate cafea Bucure\u0219ti \u2714 Afl\u0103 ce branduri repar\u0103m, ce servicii oferim, \u0219i cum o facem.\" \/>\n<meta name=\"robots\" content=\"index, follow, max-snippet:-1, max-image-preview:large, max-video-preview:-1\" \/>\n<link rel=\"canonical\" href=\"https:\/\/likecoffee.ro\/bucuresti\/despre-noi\/\" \/>\n<meta property=\"og:locale\" content=\"en_US\" \/>\n<meta property=\"og:type\" content=\"article\" \/>\n<meta property=\"og:title\" content=\"Despre noi\" \/>\n<meta property=\"og:description\" content=\"Totul despre Like Coffee-repara\u021bie aparate cafea Bucure\u0219ti \u2714 Afl\u0103 ce branduri repar\u0103m, ce servicii oferim, \u0219i cum o facem.\" \/>\n<meta property=\"og:url\" content=\"https:\/\/likecoffee.ro\/bucuresti\/despre-noi\/\" \/>\n<meta property=\"og:site_name\" content=\"Like Coffee\" \/>\n<meta property=\"og:image\" content=\"https:\/\/likecoffee.ro\/bucuresti\/wp-content\/uploads\/webp\/db_webp_64d62ccf857fddb_webp_639782bee0151dsc07972.webp\" \/>\n\t<meta property=\"og:image:width\" content=\"1333\" \/>\n\t<meta property=\"og:image:height\" content=\"2000\" \/>\n\t<meta property=\"og:image:type\" content=\"image\/webp\" \/>\n<meta name=\"twitter:card\" content=\"summary_large_image\" \/>\n<meta name=\"twitter:label1\" content=\"Est. reading time\" \/>\n\t<meta name=\"twitter:data1\" content=\"2 minutes\" \/>\n<script type=\"application\/ld+json\" class=\"yoast-schema-graph\">{\"@context\":\"https:\/\/schema.org\",\"@graph\":[{\"@type\":\"WebPage\",\"@id\":\"https:\/\/likecoffee.ro\/bucuresti\/despre-noi\/\",\"url\":\"https:\/\/likecoffee.ro\/bucuresti\/despre-noi\/\",\"name\":\"Despre noi - Like Coffee\",\"isPartOf\":{\"@id\":\"https:\/\/likecoffee.ro\/bucuresti\/#website\"},\"datePublished\":\"2022-07-29T18:53:41+00:00\",\"dateModified\":\"2025-06-06T09:48:05+00:00\",\"description\":\"Totul despre Like Coffee-repara\u021bie aparate cafea Bucure\u0219ti \u2714 Afl\u0103 ce branduri repar\u0103m, ce servicii oferim, \u0219i cum o facem.\",\"breadcrumb\":{\"@id\":\"https:\/\/likecoffee.ro\/bucuresti\/despre-noi\/#breadcrumb\"},\"inLanguage\":\"en-US\",\"potentialAction\":[{\"@type\":\"ReadAction\",\"target\":[\"https:\/\/likecoffee.ro\/bucuresti\/despre-noi\/\"]}]},{\"@type\":\"BreadcrumbList\",\"@id\":\"https:\/\/likecoffee.ro\/bucuresti\/despre-noi\/#breadcrumb\",\"itemListElement\":[{\"@type\":\"ListItem\",\"position\":1,\"name\":\"\u0413\u043b\u0430\u0432\u043d\u0430\u044f \u0441\u0442\u0440\u0430\u043d\u0438\u0446\u0430\",\"item\":\"https:\/\/likecoffee.ro\/bucuresti\/\"},{\"@type\":\"ListItem\",\"position\":2,\"name\":\"Despre noi\"}]},{\"@type\":\"WebSite\",\"@id\":\"https:\/\/likecoffee.ro\/bucuresti\/#website\",\"url\":\"https:\/\/likecoffee.ro\/bucuresti\/\",\"name\":\"Like Coffee\",\"description\":\"Repararea si intretinerea masinilor de cafea\",\"publisher\":{\"@id\":\"https:\/\/likecoffee.ro\/bucuresti\/#organization\"},\"potentialAction\":[{\"@type\":\"SearchAction\",\"target\":{\"@type\":\"EntryPoint\",\"urlTemplate\":\"https:\/\/likecoffee.ro\/bucuresti\/?s={search_term_string}\"},\"query-input\":\"required name=search_term_string\"}],\"inLanguage\":\"en-US\"},{\"@type\":\"Organization\",\"@id\":\"https:\/\/likecoffee.ro\/bucuresti\/#organization\",\"name\":\"Like Coffee\",\"url\":\"https:\/\/likecoffee.ro\/bucuresti\/\",\"logo\":{\"@type\":\"ImageObject\",\"inLanguage\":\"en-US\",\"@id\":\"https:\/\/likecoffee.ro\/bucuresti\/#\/schema\/logo\/image\/\",\"url\":\"https:\/\/likecoffee.ro\/bucuresti\/wp-content\/uploads\/webp\/cropped-db_webp_64d61e7c00b66logo-3.webp\",\"contentUrl\":\"https:\/\/likecoffee.ro\/bucuresti\/wp-content\/uploads\/webp\/cropped-db_webp_64d61e7c00b66logo-3.webp\",\"width\":90,\"height\":60,\"caption\":\"Like Coffee\"},\"image\":{\"@id\":\"https:\/\/likecoffee.ro\/bucuresti\/#\/schema\/logo\/image\/\"}}]}<\/script>\n<!-- \/ Yoast SEO Premium plugin. -->","yoast_head_json":{"title":"Despre noi - Like Coffee","description":"Totul despre Like Coffee-repara\u021bie aparate cafea Bucure\u0219ti \u2714 Afl\u0103 ce branduri repar\u0103m, ce servicii oferim, \u0219i cum o facem.","robots":{"index":"index","follow":"follow","max-snippet":"max-snippet:-1","max-image-preview":"max-image-preview:large","max-video-preview":"max-video-preview:-1"},"canonical":"https:\/\/likecoffee.ro\/bucuresti\/despre-noi\/","og_locale":"en_US","og_type":"article","og_title":"Despre noi","og_description":"Totul despre Like Coffee-repara\u021bie aparate cafea Bucure\u0219ti \u2714 Afl\u0103 ce branduri repar\u0103m, ce servicii oferim, \u0219i cum o facem.","og_url":"https:\/\/likecoffee.ro\/bucuresti\/despre-noi\/","og_site_name":"Like Coffee","og_image":[{"width":1333,"height":2000,"url":"https:\/\/likecoffee.ro\/bucuresti\/wp-content\/uploads\/webp\/db_webp_64d62ccf857fddb_webp_639782bee0151dsc07972.webp","type":"image\/webp"}],"twitter_card":"summary_large_image","twitter_misc":{"Est. reading time":"2 minutes"},"schema":{"@context":"https:\/\/schema.org","@graph":[{"@type":"WebPage","@id":"https:\/\/likecoffee.ro\/bucuresti\/despre-noi\/","url":"https:\/\/likecoffee.ro\/bucuresti\/despre-noi\/","name":"Despre noi - Like Coffee","isPartOf":{"@id":"https:\/\/likecoffee.ro\/bucuresti\/#website"},"datePublished":"2022-07-29T18:53:41+00:00","dateModified":"2025-06-06T09:48:05+00:00","description":"Totul despre Like Coffee-repara\u021bie aparate cafea Bucure\u0219ti \u2714 Afl\u0103 ce branduri repar\u0103m, ce servicii oferim, \u0219i cum o facem.","breadcrumb":{"@id":"https:\/\/likecoffee.ro\/bucuresti\/despre-noi\/#breadcrumb"},"inLanguage":"en-US","potentialAction":[{"@type":"ReadAction","target":["https:\/\/likecoffee.ro\/bucuresti\/despre-noi\/"]}]},{"@type":"BreadcrumbList","@id":"https:\/\/likecoffee.ro\/bucuresti\/despre-noi\/#breadcrumb","itemListElement":[{"@type":"ListItem","position":1,"name":"\u0413\u043b\u0430\u0432\u043d\u0430\u044f \u0441\u0442\u0440\u0430\u043d\u0438\u0446\u0430","item":"https:\/\/likecoffee.ro\/bucuresti\/"},{"@type":"ListItem","position":2,"name":"Despre noi"}]},{"@type":"WebSite","@id":"https:\/\/likecoffee.ro\/bucuresti\/#website","url":"https:\/\/likecoffee.ro\/bucuresti\/","name":"Like Coffee","description":"Repararea si intretinerea masinilor de cafea","publisher":{"@id":"https:\/\/likecoffee.ro\/bucuresti\/#organization"},"potentialAction":[{"@type":"SearchAction","target":{"@type":"EntryPoint","urlTemplate":"https:\/\/likecoffee.ro\/bucuresti\/?s={search_term_string}"},"query-input":"required name=search_term_string"}],"inLanguage":"en-US"},{"@type":"Organization","@id":"https:\/\/likecoffee.ro\/bucuresti\/#organization","name":"Like Coffee","url":"https:\/\/likecoffee.ro\/bucuresti\/","logo":{"@type":"ImageObject","inLanguage":"en-US","@id":"https:\/\/likecoffee.ro\/bucuresti\/#\/schema\/logo\/image\/","url":"https:\/\/likecoffee.ro\/bucuresti\/wp-content\/uploads\/webp\/cropped-db_webp_64d61e7c00b66logo-3.webp","contentUrl":"https:\/\/likecoffee.ro\/bucuresti\/wp-content\/uploads\/webp\/cropped-db_webp_64d61e7c00b66logo-3.webp","width":90,"height":60,"caption":"Like Coffee"},"image":{"@id":"https:\/\/likecoffee.ro\/bucuresti\/#\/schema\/logo\/image\/"}}]}},"lang":"ro","translations":{"ro":17},"pll_sync_post":[],"_links":{"self":[{"href":"https:\/\/likecoffee.ro\/bucuresti\/wp-json\/wp\/v2\/pages\/17","targetHints":{"allow":["GET"]}}],"collection":[{"href":"https:\/\/likecoffee.ro\/bucuresti\/wp-json\/wp\/v2\/pages"}],"about":[{"href":"https:\/\/likecoffee.ro\/bucuresti\/wp-json\/wp\/v2\/types\/page"}],"author":[{"embeddable":true,"href":"https:\/\/likecoffee.ro\/bucuresti\/wp-json\/wp\/v2\/users\/1"}],"replies":[{"embeddable":true,"href":"https:\/\/likecoffee.ro\/bucuresti\/wp-json\/wp\/v2\/comments?post=17"}],"version-history":[{"count":26,"href":"https:\/\/likecoffee.ro\/bucuresti\/wp-json\/wp\/v2\/pages\/17\/revisions"}],"predecessor-version":[{"id":1132,"href":"https:\/\/likecoffee.ro\/bucuresti\/wp-json\/wp\/v2\/pages\/17\/revisions\/1132"}],"wp:featuredmedia":[{"embeddable":true,"href":"https:\/\/likecoffee.ro\/bucuresti\/wp-json\/wp\/v2\/media\/839"}],"wp:attachment":[{"href":"https:\/\/likecoffee.ro\/bucuresti\/wp-json\/wp\/v2\/media?parent=17"}],"curies":[{"name":"wp","href":"https:\/\/api.w.org\/{rel}","templated":true}]}}